{"id":713,"date":"2025-07-23T13:08:36","date_gmt":"2025-07-23T10:08:36","guid":{"rendered":"https:\/\/www.compassreklam.com\/?page_id=713"},"modified":"2025-11-18T08:09:41","modified_gmt":"2025-11-18T08:09:41","slug":"dijital-baski-makinesi","status":"publish","type":"page","link":"https:\/\/ilevgroup.com\/index.php\/dijital-baski-makinesi\/","title":{"rendered":"Dijital Bask\u0131 Makineleri"},"content":{"rendered":"\n\n\n\n\n\n\n\n\n\n\n\n\n<p>eco solvent dijital bask\u0131 makinesi, uv bask\u0131 makinesi, geni\u015f format dijital bask\u0131, otomatik kafa temizleme sistemi, reklam bask\u0131 makineleri, y\u00fcksek \u00e7\u00f6z\u00fcn\u00fcrl\u00fckl\u00fc dijital bask\u0131<\/p>\n\n\n\n\n","protected":false},"excerpt":{"rendered":"<p>eco solvent dijital bask\u0131 makinesi, uv bask\u0131 makinesi, geni\u015f format dijital bask\u0131, otomatik kafa temizleme sistemi, reklam bask\u0131 makineleri, y\u00fcksek&hellip;<\/p>\n","protected":false},"author":1,"featured_media":0,"parent":0,"menu_order":0,"comment_status":"closed","ping_status":"closed","template":"","meta":{"saved_in_kubio":true,"footnotes":""},"class_list":["post-713","page","type-page","status-publish","hentry"],"kubio_ai_page_context":{"short_desc":"","purpose":"general"},"jetpack_sharing_enabled":true,"_links":{"self":[{"href":"https:\/\/ilevgroup.com\/index.php\/wp-json\/wp\/v2\/pages\/713","targetHints":{"allow":["GET"]}}],"collection":[{"href":"https:\/\/ilevgroup.com\/index.php\/wp-json\/wp\/v2\/pages"}],"about":[{"href":"https:\/\/ilevgroup.com\/index.php\/wp-json\/wp\/v2\/types\/page"}],"author":[{"embeddable":true,"href":"https:\/\/ilevgroup.com\/index.php\/wp-json\/wp\/v2\/users\/1"}],"replies":[{"embeddable":true,"href":"https:\/\/ilevgroup.com\/index.php\/wp-json\/wp\/v2\/comments?post=713"}],"version-history":[{"count":1,"href":"https:\/\/ilevgroup.com\/index.php\/wp-json\/wp\/v2\/pages\/713\/revisions"}],"predecessor-version":[{"id":1468,"href":"https:\/\/ilevgroup.com\/index.php\/wp-json\/wp\/v2\/pages\/713\/revisions\/1468"}],"wp:attachment":[{"href":"https:\/\/ilevgroup.com\/index.php\/wp-json\/wp\/v2\/media?parent=713"}],"curies":[{"name":"wp","href":"https:\/\/api.w.org\/{rel}","templated":true}]}}